{"id":92,"date":"2025-09-03T20:06:47","date_gmt":"2025-09-03T18:06:47","guid":{"rendered":"https:\/\/solidarische-gesundheit.org\/?page_id=92"},"modified":"2025-09-03T20:09:25","modified_gmt":"2025-09-03T18:09:25","slug":"gutachten","status":"publish","type":"page","link":"https:\/\/solidarische-gesundheit.org\/?page_id=92","title":{"rendered":"Gutachten"},"content":{"rendered":"<p>Zur Begr\u00fcndung der Notwendigkeit der Ver\u00e4nderung der Krankenhauslandschaft wurden verschiedene Gutachten in Auftrag gegeben oder herangezogen.<br \/>\nZum Beispiel das <a href=\"https:\/\/www.bertelsmann-stiftung.de\/de\/publikationen\/publikation\/did\/zukunftsfaehige-krankenhausversorgung\" target=\"_blank\">Gutachten der Bertelsmann Stiftung<\/a> aus dem Jahre 2019.<\/p>\n<p>Das MAGS NRW gab dann selbst das <a href=\"https:\/\/broschuerenservice.nrw.de\/mags\/shop\/gutachten-krankenhauslandschaft-nordrhein-westfalen-kurzfassung|736\">Gutachten Krankenhauslandschaft NRW<\/a> in Auftrag. Die Ergebnisse lieferten die Begr\u00fcndung f\u00fcr die zur Notwendigkeit erkl\u00e4rten einschneidenden Ver\u00e4nderung der wesentlichen Bestimmungen des Krankenhausplanes NRW.<\/p>\n","protected":false},"excerpt":{"rendered":"<p>Zur Begr\u00fcndung der Notwendigkeit der Ver\u00e4nderung der Krankenhauslandschaft wurden verschiedene Gutachten in Auftrag gegeben oder herangezogen. Zum Beispiel das Gutachten der Bertelsmann Stiftung aus dem Jahre 2019. Das MAGS NRW gab dann selbst das Gutachten Krankenhauslandschaft NRW in Auftrag. Die Ergebnisse lieferten die Begr\u00fcndung f\u00fcr die zur Notwendigkeit erkl\u00e4rten einschneidenden Ver\u00e4nderung der wesentlichen Bestimmungen des [&hellip;]<\/p>\n","protected":false},"author":1,"featured_media":0,"parent":89,"menu_order":0,"comment_status":"closed","ping_status":"closed","template":"","meta":{"footnotes":""},"class_list":["post-92","page","type-page","status-publish","hentry"],"_links":{"self":[{"href":"https:\/\/solidarische-gesundheit.org\/index.php?rest_route=\/wp\/v2\/pages\/92","targetHints":{"allow":["GET"]}}],"collection":[{"href":"https:\/\/solidarische-gesundheit.org\/index.php?rest_route=\/wp\/v2\/pages"}],"about":[{"href":"https:\/\/solidarische-gesundheit.org\/index.php?rest_route=\/wp\/v2\/types\/page"}],"author":[{"embeddable":true,"href":"https:\/\/solidarische-gesundheit.org\/index.php?rest_route=\/wp\/v2\/users\/1"}],"replies":[{"embeddable":true,"href":"https:\/\/solidarische-gesundheit.org\/index.php?rest_route=%2Fwp%2Fv2%2Fcomments&post=92"}],"version-history":[{"count":3,"href":"https:\/\/solidarische-gesundheit.org\/index.php?rest_route=\/wp\/v2\/pages\/92\/revisions"}],"predecessor-version":[{"id":95,"href":"https:\/\/solidarische-gesundheit.org\/index.php?rest_route=\/wp\/v2\/pages\/92\/revisions\/95"}],"up":[{"embeddable":true,"href":"https:\/\/solidarische-gesundheit.org\/index.php?rest_route=\/wp\/v2\/pages\/89"}],"wp:attachment":[{"href":"https:\/\/solidarische-gesundheit.org\/index.php?rest_route=%2Fwp%2Fv2%2Fmedia&parent=92"}],"curies":[{"name":"wp","href":"https:\/\/api.w.org\/{rel}","templated":true}]}}