{"id":84,"date":"2025-09-03T19:39:25","date_gmt":"2025-09-03T17:39:25","guid":{"rendered":"https:\/\/solidarische-gesundheit.org\/?page_id=84"},"modified":"2025-09-03T19:50:58","modified_gmt":"2025-09-03T17:50:58","slug":"krankenhausplan-nrw","status":"publish","type":"page","link":"https:\/\/solidarische-gesundheit.org\/?page_id=84","title":{"rendered":"Krankenhausplan NRW"},"content":{"rendered":"<p><strong>Der Krankenhausplan NRW 2025<\/strong><br \/>\nNach 6 Jahren in denen um die konkrete Umsetzung heftig gestritten wurde trat am 1. April 2025 der neue Krankenhausplan in NRW im Kraft.<\/p>\n<p>Die neue Krankenhausplanung NRW ist eine der gr\u00f6\u00dften Strukturreform im Gesundheitswesen seit Jahrzehnten, mit der die fl\u00e4chendeckende station\u00e4re Versorgung der Menschen in Nordrhein-Westfalen auch k\u00fcnftig gew\u00e4hrleistet werden soll. Die Krankenhauslandschaft in NRW besteht aus 16 Versorgungsgebieten, mit denen eine fl\u00e4chendeckende, station\u00e4re Versorgung sichergestellt werden soll. Die Versorgungsgebiete setzen sich aus Kreisen und kreisfreien St\u00e4dten zusammen.<\/p>\n<p>Die strukturellen Ver\u00e4nderungen gegen\u00fcber dem vorher g\u00fcltigen Krankenhausplan sind massiv:<br \/>\n&#8222;NRW-Krankenhausplan: Meilenstein mit gro\u00dfen Ver\u00e4nderungen&#8220;.<br \/>\nDiese Ver\u00e4nderungen werden als &#8222;\u201eBlaupause f\u00fcr Deutschland\u201c, so  NRW &#8211; Gesundheitsminister Laumann betrachtet.<br \/>\nAusgangspunkt der Erarbeitung waren die Ergebnisse des <strong>Gutachtens zur Analyse der Krankenhauslandschaft in Nordrhein-Westfalen aus dem Jahr 2019.<\/strong><br \/>\nDie rechtliche Grundlage f\u00fcr die Einf\u00fchrung der neuen Rahmenvorgaben wurde mit der Novellierung des Krankenhausgestaltungsgesetzes des Landes Nordrhein-Westfalen<br \/>\n(KHGG NRW), in Kraft getreten im M\u00e4rz 2021, geschaffen.<\/p>\n","protected":false},"excerpt":{"rendered":"<p>Der Krankenhausplan NRW 2025 Nach 6 Jahren in denen um die konkrete Umsetzung heftig gestritten wurde trat am 1. April 2025 der neue Krankenhausplan in NRW im Kraft. Die neue Krankenhausplanung NRW ist eine der gr\u00f6\u00dften Strukturreform im Gesundheitswesen seit Jahrzehnten, mit der die fl\u00e4chendeckende station\u00e4re Versorgung der Menschen in Nordrhein-Westfalen auch k\u00fcnftig gew\u00e4hrleistet werden [&hellip;]<\/p>\n","protected":false},"author":1,"featured_media":0,"parent":46,"menu_order":0,"comment_status":"closed","ping_status":"closed","template":"","meta":{"footnotes":""},"class_list":["post-84","page","type-page","status-publish","hentry"],"_links":{"self":[{"href":"https:\/\/solidarische-gesundheit.org\/index.php?rest_route=\/wp\/v2\/pages\/84","targetHints":{"allow":["GET"]}}],"collection":[{"href":"https:\/\/solidarische-gesundheit.org\/index.php?rest_route=\/wp\/v2\/pages"}],"about":[{"href":"https:\/\/solidarische-gesundheit.org\/index.php?rest_route=\/wp\/v2\/types\/page"}],"author":[{"embeddable":true,"href":"https:\/\/solidarische-gesundheit.org\/index.php?rest_route=\/wp\/v2\/users\/1"}],"replies":[{"embeddable":true,"href":"https:\/\/solidarische-gesundheit.org\/index.php?rest_route=%2Fwp%2Fv2%2Fcomments&post=84"}],"version-history":[{"count":4,"href":"https:\/\/solidarische-gesundheit.org\/index.php?rest_route=\/wp\/v2\/pages\/84\/revisions"}],"predecessor-version":[{"id":88,"href":"https:\/\/solidarische-gesundheit.org\/index.php?rest_route=\/wp\/v2\/pages\/84\/revisions\/88"}],"up":[{"embeddable":true,"href":"https:\/\/solidarische-gesundheit.org\/index.php?rest_route=\/wp\/v2\/pages\/46"}],"wp:attachment":[{"href":"https:\/\/solidarische-gesundheit.org\/index.php?rest_route=%2Fwp%2Fv2%2Fmedia&parent=84"}],"curies":[{"name":"wp","href":"https:\/\/api.w.org\/{rel}","templated":true}]}}