{"id":70,"date":"2025-05-08T11:22:59","date_gmt":"2025-05-08T09:22:59","guid":{"rendered":"https:\/\/solidarische-gesundheit.org\/?page_id=70"},"modified":"2025-05-08T11:35:20","modified_gmt":"2025-05-08T09:35:20","slug":"70-2","status":"publish","type":"page","link":"https:\/\/solidarische-gesundheit.org\/?page_id=70","title":{"rendered":"Krankenhaus statt Fabrik"},"content":{"rendered":"<section class=\"elementor-section elementor-top-section elementor-element elementor-element-aa0e56f elementor-section-boxed elementor-section-height-default elementor-section-height-default\" data-id=\"aa0e56f\" data-element_type=\"section\">\n<div class=\"elementor-container elementor-column-gap-extended\">\n<div class=\"elementor-column elementor-col-100 elementor-top-column elementor-element elementor-element-27bb7ca sc_inner_width_none sc_content_align_inherit sc_layouts_column_icons_position_left\" data-id=\"27bb7ca\" data-element_type=\"column\">\n<div class=\"elementor-widget-wrap elementor-element-populated\">\n<div class=\"elementor-element elementor-element-35ecd4b sc_fly_static elementor-widget elementor-widget-heading\" data-id=\"35ecd4b\" data-element_type=\"widget\" data-widget_type=\"heading.default\">\n<div class=\"elementor-widget-container\">\n<h2 class=\"elementor-heading-title elementor-size-default\">Wer ist und was will das B\u00fcndnis<\/h2>\n<\/div>\n<\/div>\n<div class=\"elementor-element elementor-element-f9bffe4 sc_fly_static elementor-widget elementor-widget-heading\" data-id=\"f9bffe4\" data-element_type=\"widget\" data-widget_type=\"heading.default\">\n<div class=\"elementor-widget-container\">\n<h1 class=\"elementor-heading-title elementor-size-default\">Krankenhaus statt Fabrik?<\/h1>\n<\/div>\n<\/div>\n<\/div>\n<\/div>\n<\/div>\n<\/section>\n<section class=\"elementor-section elementor-top-section elementor-element elementor-element-0b3434f elementor-section-boxed elementor-section-height-default elementor-section-height-default\" data-id=\"0b3434f\" data-element_type=\"section\">\n<div class=\"elementor-container elementor-column-gap-extended\">\n<div class=\"elementor-column elementor-col-100 elementor-top-column elementor-element elementor-element-dfbba91 sc_inner_width_none sc_content_align_inherit sc_layouts_column_icons_position_left\" data-id=\"dfbba91\" data-element_type=\"column\">\n<div class=\"elementor-widget-wrap elementor-element-populated\">\n<div class=\"elementor-element elementor-element-c0cc880 sc_fly_static elementor-widget elementor-widget-text-editor\" data-id=\"c0cc880\" data-element_type=\"widget\" data-widget_type=\"text-editor.default\">\n<div class=\"elementor-widget-container\">\n<p>Seit fast 20 Jahren gilt f\u00fcr deutsche Krankenh\u00e4user das Abrechnungssystem der Fallpauschalen (engl. Diagnosis Related Groups, DRG). Schon bei Einf\u00fchrung dieses Systems warnten viele Beteiligte des Gesundheitswesens vor dramatischen Fehlentwicklungen in den Krankenh\u00e4usern. Heute und besonders nach der Corona-Pandemie wissen wir: Die Warnungen waren berechtigt. In den Krankenh\u00e4usern herrschen Personalnot, \u00dcber-, Unter- und Fehlversorgung. Bei den Entscheidungen \u00fcber Behandlungen und Dauer des Krankenhausaufenthaltes wird nicht allein nach medizinischen Kriterien entschieden, sondern immer deutlicher danach, was sich gewinnbringend abrechnen l\u00e4sst. Immer mehr Krankenh\u00e4user werden privatisiert, viele stehen vor der Insolvenz.<\/p>\n<p>Unser B\u00fcndnis besteht derzeit aus dem ver.di-Bundesfachbereich C, dem Verein demokratischer \u00c4rzt*innen (vd\u00e4\u00e4*), attac, der Soltauer Initiative (bis zu ihrer Aufl\u00f6sung im Herbst 2023), dem Verein Solidarisches Gesundheitswesen e.V., der Interventionistischen Linken (IL), dem Berliner B\u00fcndnis Gesundheit statt Profite. Ins Leben gerufen wurde das B\u00fcndnis im Jahr 2013, zum ersten Mal an die \u00d6ffentlichkeit gegangen sind wir mit einer Tagung im Mai 2015.<\/p>\n<\/div>\n<\/div>\n<div class=\"elementor-element elementor-element-69ed580 sc_fly_static elementor-widget elementor-widget-heading\" data-id=\"69ed580\" data-element_type=\"widget\" data-widget_type=\"heading.default\">\n<div class=\"elementor-widget-container\">\n<h4 class=\"elementor-heading-title elementor-size-default\">Unser Ziel<\/h4>\n<\/div>\n<\/div>\n<div class=\"elementor-element elementor-element-562b563 sc_fly_static elementor-widget elementor-widget-text-editor\" data-id=\"562b563\" data-element_type=\"widget\" data-widget_type=\"text-editor.default\">\n<div class=\"elementor-widget-container\">\n<p>Krankenh\u00e4user sollen Einrichtungen der gesellschaftlichen Daseinsvorsorge sein, keine Wirtschaftsunternehmen. Krankenhausplanung und -finanzierung sind \u00f6ffentliche Aufgaben, die politischer Planung und Steuerung bed\u00fcrfen. Wir brauchen eine demokratische und regionale Bedarfsplanung der Krankenhausversorgung, in die alle Akteure des Gesundheitswesens einbezogen werden. Dies ist nicht im Rahmen des DRG-Systems zu erreichen. Die DRG m\u00fcssen abgeschafft werden und in Zukunft m\u00fcssen Krankenh\u00e4user mit einem Konzept der Selbstkostendeckung 2.0 finanziert werden.<\/p>\n<p>Das B\u00fcndnis \u201eKrankenhaus statt Fabrik\u201c wendet sich gegen die Kommerzialisierung des Gesundheitswesens in Deutschland und daher insbesondere gegen das System der Krankenhausfinanzierung durch DRGs (Fallpauschalen). Es tritt ein f\u00fcr die bedarfsgerechte Finanzierung von Krankenh\u00e4usern und ihres Personals. Nicht die Gewinnmargen sollen ausschlaggebend daf\u00fcr sein, ob und wie wir behandelt werden, sondern allein der medizinische und pflegerische Bedarf!<\/p>\n<p>Das \u00f6ffentliche Unbehagen an der DRG-basierten Krankenhausfinanzierung w\u00e4chst. Zahlreiche Reportagen, Berichterstattungen, Initiativen und Interessenvertretungen thematisieren die vielschichtigen Probleme der Patientinnen und Patienten wie der Besch\u00e4ftigten, die vom System der Fallpauschalen verursacht werden. <strong>Dennoch ist weitere Aufkl\u00e4rungs- und \u00d6ffentlichkeitsarbeit n\u00f6tig<\/strong>, um die gesellschaftliche Debatte \u00fcber dieses bewusst installierte marktwirtschaftliche Steuerungsinstrument breiter f\u00fchren und mitgestalten zu k\u00f6nnen. Inzwischen ist auch bei der Bundesregierung die Kritik an den DRG angekommen und eine \u201eEnt\u00f6konomisierung\u201c ist von Minister Lauterbach (NRW) angek\u00fcndigt. Sieht man sich aber die Reformvorschl\u00e4ge an, handelt es sich um einen Etikettenschwindel. Um diesen zu durchschauen, braucht es tiefere Kenntnisse der Strukturen und Zusammenh\u00e4nge. Dar\u00fcber will das B\u00fcndnis aufkl\u00e4ren. Es analysiert, kritisiert und will mit seinen Publikationen auch Alternativen zur \u00d6konomisierung aufzeigen.<\/p>\n<p>In dieser politischen Bildungsarbeit sieht das B\u00fcndnis seine zentrale Aufgabe. Dementsprechend stellen wir mit diesem Internetauftritt Argumentationshilfen, wissenschaftliche Studien zu Auswirkungen des DRG-Systems und PowerPoint-Vortr\u00e4ge von Mitgliedern des B\u00fcndnisses zur Verf\u00fcgung. Dar\u00fcber hinaus will das B\u00fcndnis mit \u00f6ffentlichkeitswirksamen Aktionen und Diskussionsveranstaltungen pr\u00e4sent sein.<\/p>\n<\/div>\n<\/div>\n<\/div>\n<\/div>\n<\/div>\n<\/section>\n<p><a href=\"https:\/\/www.krankenhaus-statt-fabrik.de\/\" target=\"_blank\" rel=\"noopener\">Krankenhaus statt Fabrik<\/a><\/p>\n","protected":false},"excerpt":{"rendered":"<p>Wer ist und was will das B\u00fcndnis Krankenhaus statt Fabrik? Seit fast 20 Jahren gilt f\u00fcr deutsche Krankenh\u00e4user das Abrechnungssystem der Fallpauschalen (engl. Diagnosis Related Groups, DRG). Schon bei Einf\u00fchrung dieses Systems warnten viele Beteiligte des Gesundheitswesens vor dramatischen Fehlentwicklungen in den Krankenh\u00e4usern. Heute und besonders nach der Corona-Pandemie wissen wir: Die Warnungen waren berechtigt. [&hellip;]<\/p>\n","protected":false},"author":1,"featured_media":0,"parent":50,"menu_order":0,"comment_status":"closed","ping_status":"closed","template":"","meta":{"footnotes":""},"class_list":["post-70","page","type-page","status-publish","hentry"],"_links":{"self":[{"href":"https:\/\/solidarische-gesundheit.org\/index.php?rest_route=\/wp\/v2\/pages\/70","targetHints":{"allow":["GET"]}}],"collection":[{"href":"https:\/\/solidarische-gesundheit.org\/index.php?rest_route=\/wp\/v2\/pages"}],"about":[{"href":"https:\/\/solidarische-gesundheit.org\/index.php?rest_route=\/wp\/v2\/types\/page"}],"author":[{"embeddable":true,"href":"https:\/\/solidarische-gesundheit.org\/index.php?rest_route=\/wp\/v2\/users\/1"}],"replies":[{"embeddable":true,"href":"https:\/\/solidarische-gesundheit.org\/index.php?rest_route=%2Fwp%2Fv2%2Fcomments&post=70"}],"version-history":[{"count":2,"href":"https:\/\/solidarische-gesundheit.org\/index.php?rest_route=\/wp\/v2\/pages\/70\/revisions"}],"predecessor-version":[{"id":78,"href":"https:\/\/solidarische-gesundheit.org\/index.php?rest_route=\/wp\/v2\/pages\/70\/revisions\/78"}],"up":[{"embeddable":true,"href":"https:\/\/solidarische-gesundheit.org\/index.php?rest_route=\/wp\/v2\/pages\/50"}],"wp:attachment":[{"href":"https:\/\/solidarische-gesundheit.org\/index.php?rest_route=%2Fwp%2Fv2%2Fmedia&parent=70"}],"curies":[{"name":"wp","href":"https:\/\/api.w.org\/{rel}","templated":true}]}}