{"id":54,"date":"2025-05-08T11:00:47","date_gmt":"2025-05-08T09:00:47","guid":{"rendered":"https:\/\/solidarische-gesundheit.org\/?page_id=54"},"modified":"2025-05-08T11:06:34","modified_gmt":"2025-05-08T09:06:34","slug":"buendnis-fuer-ein-gemeinwohlorientiertes-gesundheitswesen","status":"publish","type":"page","link":"https:\/\/solidarische-gesundheit.org\/?page_id=54","title":{"rendered":"B\u00fcndnis f\u00fcr ein gemeinwohlorientiertes Gesundheitswesen"},"content":{"rendered":"<div class=\"et_pb_module et_pb_text et_pb_text_1 et_pb_text_align_left et_pb_bg_layout_light\">\n<div class=\"et_pb_text_inner\">\n<p>Ende November 2022 haben Aktive der <em>Volksinitiative \u201eGesunde Krankenh\u00e4user in NRW \u2013 f\u00fcr ALLE!\u201c<\/em>\u00a0 beschlossen als <strong>B\u00fcndnis f\u00fcr ein gemeinwohlorientiertes Gesundheitswesen <\/strong>weiterzuk\u00e4mpfen \u2013 zusammengeschlossen aus verschiedenen gemeinn\u00fctzigen Vereinen und B\u00fcndnissen f\u00fcr mehr Personal im Krankenhaus und Gesundheitswesen allgemein, f\u00fcr den Erhalt von Krankenh\u00e4usern und f\u00fcr eine menschenw\u00fcrdige Gesundheitsversorgung, die in diversen St\u00e4dten und Regionen in NRW aktiv sind, ver.di, dem SoVD e.V. und verschiedenen Parteien.<\/p>\n<p><strong>Im B\u00fcndnis organisieren sich Besch\u00e4ftigte im Gesundheitswesen, Patient*innen und Aktivist*innen<\/strong>, die seit einigen Jahren die Arbeitsk\u00e4mpfe der Kolleg*innen im Krankenhaus solidarisch unterst\u00fctzen und daran arbeiten, das Thema dorthin zu tragen, wo es hingeh\u00f6rt: in die Mitte der Gesellschaft!<\/p>\n<p><a href=\"https:\/\/gesunde-krankenhaeuser-nrw.de\/\" target=\"_blank\" rel=\"noopener\">Zur Webseite<\/a><\/p>\n<\/div>\n<\/div>\n","protected":false},"excerpt":{"rendered":"<p>Ende November 2022 haben Aktive der Volksinitiative \u201eGesunde Krankenh\u00e4user in NRW \u2013 f\u00fcr ALLE!\u201c\u00a0 beschlossen als B\u00fcndnis f\u00fcr ein gemeinwohlorientiertes Gesundheitswesen weiterzuk\u00e4mpfen \u2013 zusammengeschlossen aus verschiedenen gemeinn\u00fctzigen Vereinen und B\u00fcndnissen f\u00fcr mehr Personal im Krankenhaus und Gesundheitswesen allgemein, f\u00fcr den Erhalt von Krankenh\u00e4usern und f\u00fcr eine menschenw\u00fcrdige Gesundheitsversorgung, die in diversen St\u00e4dten und Regionen in [&hellip;]<\/p>\n","protected":false},"author":1,"featured_media":0,"parent":50,"menu_order":0,"comment_status":"closed","ping_status":"closed","template":"","meta":{"footnotes":""},"class_list":["post-54","page","type-page","status-publish","hentry"],"_links":{"self":[{"href":"https:\/\/solidarische-gesundheit.org\/index.php?rest_route=\/wp\/v2\/pages\/54","targetHints":{"allow":["GET"]}}],"collection":[{"href":"https:\/\/solidarische-gesundheit.org\/index.php?rest_route=\/wp\/v2\/pages"}],"about":[{"href":"https:\/\/solidarische-gesundheit.org\/index.php?rest_route=\/wp\/v2\/types\/page"}],"author":[{"embeddable":true,"href":"https:\/\/solidarische-gesundheit.org\/index.php?rest_route=\/wp\/v2\/users\/1"}],"replies":[{"embeddable":true,"href":"https:\/\/solidarische-gesundheit.org\/index.php?rest_route=%2Fwp%2Fv2%2Fcomments&post=54"}],"version-history":[{"count":5,"href":"https:\/\/solidarische-gesundheit.org\/index.php?rest_route=\/wp\/v2\/pages\/54\/revisions"}],"predecessor-version":[{"id":62,"href":"https:\/\/solidarische-gesundheit.org\/index.php?rest_route=\/wp\/v2\/pages\/54\/revisions\/62"}],"up":[{"embeddable":true,"href":"https:\/\/solidarische-gesundheit.org\/index.php?rest_route=\/wp\/v2\/pages\/50"}],"wp:attachment":[{"href":"https:\/\/solidarische-gesundheit.org\/index.php?rest_route=%2Fwp%2Fv2%2Fmedia&parent=54"}],"curies":[{"name":"wp","href":"https:\/\/api.w.org\/{rel}","templated":true}]}}