{"id":42,"date":"2025-05-08T10:51:35","date_gmt":"2025-05-08T08:51:35","guid":{"rendered":"https:\/\/solidarische-gesundheit.org\/?page_id=42"},"modified":"2025-05-08T11:33:46","modified_gmt":"2025-05-08T09:33:46","slug":"politische-ebenen","status":"publish","type":"page","link":"https:\/\/solidarische-gesundheit.org\/?page_id=42","title":{"rendered":"Politische Ebenen"},"content":{"rendered":"<p>Gesundheitspolitik findet auf den unterschiedlichen politischen und verfassungsrechtlich bestimmten Ebenen statt.<\/p>\n<p><strong>Bundesebene:<\/strong><\/p>\n<p>Das Bundesministerium f\u00fcr Gesundheit verantwortet die Schaffung politischer Rahmenbedingungen f\u00fcr die Gestaltung der gesundheitspolitischen Infrastruktur auf Landesebene.<\/p>\n<p>Landesebene:<\/p>\n<p>Gesundheitspolitik ist L\u00e4ndersache. Die Ausarbeitung von Krankenhauspl\u00e4nen, also die gesetzlich geregelte Bereitstellung der station\u00e4ren Gesundheitsversorgung erfolgt auf Landesebene.<\/p>\n<p>Kommunale \/ Regionale Ebene:<\/p>\n","protected":false},"excerpt":{"rendered":"<p>Gesundheitspolitik findet auf den unterschiedlichen politischen und verfassungsrechtlich bestimmten Ebenen statt. Bundesebene: Das Bundesministerium f\u00fcr Gesundheit verantwortet die Schaffung politischer Rahmenbedingungen f\u00fcr die Gestaltung der gesundheitspolitischen Infrastruktur auf Landesebene. Landesebene: Gesundheitspolitik ist L\u00e4ndersache. Die Ausarbeitung von Krankenhauspl\u00e4nen, also die gesetzlich geregelte Bereitstellung der station\u00e4ren Gesundheitsversorgung erfolgt auf Landesebene. Kommunale \/ Regionale Ebene:<\/p>\n","protected":false},"author":1,"featured_media":0,"parent":0,"menu_order":2,"comment_status":"closed","ping_status":"closed","template":"","meta":{"footnotes":""},"class_list":["post-42","page","type-page","status-publish","hentry"],"_links":{"self":[{"href":"https:\/\/solidarische-gesundheit.org\/index.php?rest_route=\/wp\/v2\/pages\/42","targetHints":{"allow":["GET"]}}],"collection":[{"href":"https:\/\/solidarische-gesundheit.org\/index.php?rest_route=\/wp\/v2\/pages"}],"about":[{"href":"https:\/\/solidarische-gesundheit.org\/index.php?rest_route=\/wp\/v2\/types\/page"}],"author":[{"embeddable":true,"href":"https:\/\/solidarische-gesundheit.org\/index.php?rest_route=\/wp\/v2\/users\/1"}],"replies":[{"embeddable":true,"href":"https:\/\/solidarische-gesundheit.org\/index.php?rest_route=%2Fwp%2Fv2%2Fcomments&post=42"}],"version-history":[{"count":3,"href":"https:\/\/solidarische-gesundheit.org\/index.php?rest_route=\/wp\/v2\/pages\/42\/revisions"}],"predecessor-version":[{"id":77,"href":"https:\/\/solidarische-gesundheit.org\/index.php?rest_route=\/wp\/v2\/pages\/42\/revisions\/77"}],"wp:attachment":[{"href":"https:\/\/solidarische-gesundheit.org\/index.php?rest_route=%2Fwp%2Fv2%2Fmedia&parent=42"}],"curies":[{"name":"wp","href":"https:\/\/api.w.org\/{rel}","templated":true}]}}